{"id":10,"date":"2025-09-10T09:48:33","date_gmt":"2025-09-10T09:48:33","guid":{"rendered":"http:\/\/www.chceuprawiacztobasens.pl\/index.php\/koszyk\/"},"modified":"2026-01-10T13:53:12","modified_gmt":"2026-01-10T13:53:12","slug":"koszyk","status":"publish","type":"page","link":"https:\/\/www.chceuprawiacztobasens.pl\/index.php\/koszyk\/","title":{"rendered":"Koszyk"},"content":{"rendered":"\n<div data-block-name=\"woocommerce\/cart\" class=\"wp-block-woocommerce-cart alignwide is-loading\">\n<div data-block-name=\"woocommerce\/filled-cart-block\" class=\"wp-block-woocommerce-filled-cart-block\">\n<div data-block-name=\"woocommerce\/cart-items-block\" class=\"wp-block-woocommerce-cart-items-block\">\n<div data-block-name=\"woocommerce\/cart-line-items-block\" class=\"wp-block-woocommerce-cart-line-items-block\"><\/div>\n\n\n\n<div data-block-name=\"woocommerce\/cart-cross-sells-block\" class=\"wp-block-woocommerce-cart-cross-sells-block\">\n<h2 class=\"wp-block-heading has-large-font-size\">Zobacz inne r\u00f3wnie interesuj\u0105ce\u2026<\/h2>\n\n\n\n<div data-block-name=\"woocommerce\/cart-cross-sells-products-block\" class=\"wp-block-woocommerce-cart-cross-sells-products-block\"><\/div>\n<\/div>\n<\/div>\n\n\n\n<div data-block-name=\"woocommerce\/cart-totals-block\" class=\"wp-block-woocommerce-cart-totals-block\">\n<div data-block-name=\"woocommerce\/cart-order-summary-block\" class=\"wp-block-woocommerce-cart-order-summary-block\">\n<div data-block-name=\"woocommerce\/cart-order-summary-heading-block\" data-content=\"Podsumowanie koszyka\" class=\"wp-block-woocommerce-cart-order-summary-heading-block\"><\/div>\n\n\n\n<div data-block-name=\"woocommerce\/cart-order-summary-coupon-form-block\" class=\"wp-block-woocommerce-cart-order-summary-coupon-form-block\"><\/div>\n\n\n\n<div data-block-name=\"woocommerce\/cart-order-summary-totals-block\" class=\"wp-block-woocommerce-cart-order-summary-totals-block\">\n<div data-block-name=\"woocommerce\/cart-order-summary-subtotal-block\" class=\"wp-block-woocommerce-cart-order-summary-subtotal-block\"><\/div>\n\n\n\n<div data-block-name=\"woocommerce\/cart-order-summary-fee-block\" class=\"wp-block-woocommerce-cart-order-summary-fee-block\"><\/div>\n\n\n\n<div data-block-name=\"woocommerce\/cart-order-summary-discount-block\" class=\"wp-block-woocommerce-cart-order-summary-discount-block\"><\/div>\n\n\n\n<div data-block-name=\"woocommerce\/cart-order-summary-shipping-block\" class=\"wp-block-woocommerce-cart-order-summary-shipping-block\"><\/div>\n\n\n\n<div data-block-name=\"woocommerce\/cart-order-summary-taxes-block\" class=\"wp-block-woocommerce-cart-order-summary-taxes-block\"><\/div>\n<\/div>\n<\/div>\n\n\n\n<div data-block-name=\"woocommerce\/cart-express-payment-block\" class=\"wp-block-woocommerce-cart-express-payment-block\"><\/div>\n\n\n\n<div data-block-name=\"woocommerce\/proceed-to-checkout-block\" class=\"wp-block-woocommerce-proceed-to-checkout-block\"><\/div>\n\n\n\n<div data-block-name=\"woocommerce\/cart-accepted-payment-methods-block\" class=\"wp-block-woocommerce-cart-accepted-payment-methods-block\"><\/div>\n\n\n\n<p class=\"has-small-font-size\">*Dokonuj\u0105c zakupu, akceptujesz <a href=\"https:\/\/www.chceuprawiacztobasens.pl\/index.php\/wypelnij-test\/\">Regulamin<\/a> oraz <a href=\"https:\/\/www.chceuprawiacztobasens.pl\/index.php\/privacy-policy\/\">Polityk\u0119 prywatno\u015bci<\/a> i wyra\u017casz zgod\u0119 na dostarczenie tre\u015bci cyfrowej natychmiast po p\u0142atno\u015bci.<\/p>\n<\/div>\n<\/div>\n\n\n\n<div data-block-name=\"woocommerce\/empty-cart-block\" class=\"wp-block-woocommerce-empty-cart-block\">\n<h2 class=\"wp-block-heading has-text-align-center with-empty-cart-icon wc-block-cart__empty-cart__title\">Tw\u00f3j koszyk jest obecnie pusty!<\/h2>\n\n\n\n<hr class=\"wp-block-separator has-alpha-channel-opacity is-style-dots\"\/>\n\n\n\n<h2 class=\"wp-block-heading has-text-align-center\">Nowe w sklepie<\/h2>\n\n\n<div data-block-name=\"woocommerce\/product-new\" data-columns=\"4\" data-rows=\"1\" class=\"wc-block-grid wp-block-product-new wp-block-woocommerce-product-new wc-block-product-new has-4-columns\"><ul class=\"wc-block-grid__products\"><li class=\"wc-block-grid__product\">\n\t\t\t\t<a href=\"https:\/\/www.chceuprawiacztobasens.pl\/index.php\/produkt\/workbook-psychologia-relacji-chce-uprawiac-z-toba-sens\/\" class=\"wc-block-grid__product-link\">\n\t\t\t\t\t\n\t\t\t\t\t<div class=\"wc-block-grid__product-image\"><img loading=\"lazy\" decoding=\"async\" width=\"300\" height=\"300\" src=\"https:\/\/www.chceuprawiacztobasens.pl\/wp-content\/uploads\/2025\/09\/Chce-uprawiac-z-Toba-sens-1-workbook-okladka-300x300.png\" class=\"attachment-woocommerce_thumbnail size-woocommerce_thumbnail\" alt=\"Chc\u0119 uprawia\u0107 z Tob\u0105 sens #1 workbook - ok\u0142adka\" srcset=\"https:\/\/www.chceuprawiacztobasens.pl\/wp-content\/uploads\/2025\/09\/Chce-uprawiac-z-Toba-sens-1-workbook-okladka-300x300.png 300w, https:\/\/www.chceuprawiacztobasens.pl\/wp-content\/uploads\/2025\/09\/Chce-uprawiac-z-Toba-sens-1-workbook-okladka-150x150.png 150w, https:\/\/www.chceuprawiacztobasens.pl\/wp-content\/uploads\/2025\/09\/Chce-uprawiac-z-Toba-sens-1-workbook-okladka-100x100.png 100w\" sizes=\"auto, (max-width: 300px) 100vw, 300px\" \/><\/div>\n\t\t\t\t\t<div class=\"wc-block-grid__product-title\">Workbook o neurobiologii emocji, blisko\u015bci i cia\u0142a w relacji \u2013 \u201eChc\u0119 uprawia\u0107 z Tob\u0105 sens\u201d<\/div>\n\t\t\t\t<\/a>\n\t\t\t\t<div class=\"wc-block-grid__product-price price\"><span class=\"woocommerce-Price-amount amount\">69,00&nbsp;<span class=\"woocommerce-Price-currencySymbol\">&#122;&#322;<\/span><\/span><\/div>\n\t\t\t\t<div class=\"wc-block-grid__product-rating\"><div class=\"star-rating\" role=\"img\" aria-label=\"Oceniono 5.00 na 5\"><span style=\"width:100%\">Oceniony <strong class=\"rating\">5.00<\/strong> na 5 na podstawie <span class=\"rating\">1<\/span> oceny klienta<\/span><\/div><\/div>\n\t\t\t\t<div class=\"wp-block-button wc-block-grid__product-add-to-cart\"><a href=\"\/index.php\/wp-json\/wp\/v2\/pages\/10?add-to-cart=128\" aria-label=\"Dodaj do koszyka: &bdquo;Workbook o neurobiologii emocji, blisko\u015bci i cia\u0142a w relacji \u2013 \u201eChc\u0119 uprawia\u0107 z Tob\u0105 sens\u201d&rdquo;\" data-quantity=\"1\" data-product_id=\"128\" data-product_sku=\"\" data-price=\"69\" rel=\"nofollow\" class=\"wp-block-button__link wp-element-button add_to_cart_button ajax_add_to_cart\">Dodaj do koszyka<\/a><\/div>\n\t\t\t<\/li><\/ul><\/div><\/div>\n<\/div>\n","protected":false},"excerpt":{"rendered":"","protected":false},"author":1,"featured_media":0,"parent":0,"menu_order":0,"comment_status":"closed","ping_status":"closed","template":"","meta":{"footnotes":""},"class_list":["post-10","page","type-page","status-publish","hentry"],"yoast_head":"<!-- This site is optimized with the Yoast SEO plugin v27.4 - https:\/\/yoast.com\/product\/yoast-seo-wordpress\/ -->\n<title>Koszyk - Chc\u0119 uprawia\u0107 z Tob\u0105 sens<\/title>\n<meta name=\"robots\" content=\"index, follow, max-snippet:-1, max-image-preview:large, max-video-preview:-1\" \/>\n<link rel=\"canonical\" href=\"https:\/\/www.chceuprawiacztobasens.pl\/index.php\/koszyk\/\" \/>\n<meta property=\"og:locale\" content=\"pl_PL\" \/>\n<meta property=\"og:type\" content=\"article\" \/>\n<meta property=\"og:title\" content=\"Koszyk - Chc\u0119 uprawia\u0107 z Tob\u0105 sens\" \/>\n<meta property=\"og:url\" content=\"https:\/\/www.chceuprawiacztobasens.pl\/index.php\/koszyk\/\" \/>\n<meta property=\"og:site_name\" content=\"Chc\u0119 uprawia\u0107 z Tob\u0105 sens\" \/>\n<meta property=\"article:modified_time\" content=\"2026-01-10T13:53:12+00:00\" \/>\n<meta name=\"twitter:card\" content=\"summary_large_image\" \/>\n<meta name=\"twitter:label1\" content=\"Szacowany czas czytania\" \/>\n\t<meta name=\"twitter:data1\" content=\"1 minuta\" \/>\n<script type=\"application\/ld+json\" class=\"yoast-schema-graph\">{\"@context\":\"https:\\\/\\\/schema.org\",\"@graph\":[{\"@type\":\"WebPage\",\"@id\":\"https:\\\/\\\/www.chceuprawiacztobasens.pl\\\/index.php\\\/koszyk\\\/\",\"url\":\"https:\\\/\\\/www.chceuprawiacztobasens.pl\\\/index.php\\\/koszyk\\\/\",\"name\":\"Koszyk - Chc\u0119 uprawia\u0107 z Tob\u0105 sens\",\"isPartOf\":{\"@id\":\"https:\\\/\\\/www.chceuprawiacztobasens.pl\\\/#website\"},\"datePublished\":\"2025-09-10T09:48:33+00:00\",\"dateModified\":\"2026-01-10T13:53:12+00:00\",\"breadcrumb\":{\"@id\":\"https:\\\/\\\/www.chceuprawiacztobasens.pl\\\/index.php\\\/koszyk\\\/#breadcrumb\"},\"inLanguage\":\"pl-PL\",\"potentialAction\":[{\"@type\":\"ReadAction\",\"target\":[\"https:\\\/\\\/www.chceuprawiacztobasens.pl\\\/index.php\\\/koszyk\\\/\"]}]},{\"@type\":\"BreadcrumbList\",\"@id\":\"https:\\\/\\\/www.chceuprawiacztobasens.pl\\\/index.php\\\/koszyk\\\/#breadcrumb\",\"itemListElement\":[{\"@type\":\"ListItem\",\"position\":1,\"name\":\"Strona g\u0142\u00f3wna\",\"item\":\"https:\\\/\\\/www.chceuprawiacztobasens.pl\\\/\"},{\"@type\":\"ListItem\",\"position\":2,\"name\":\"Koszyk\"}]},{\"@type\":\"WebSite\",\"@id\":\"https:\\\/\\\/www.chceuprawiacztobasens.pl\\\/#website\",\"url\":\"https:\\\/\\\/www.chceuprawiacztobasens.pl\\\/\",\"name\":\"Chc\u0119 uprawia\u0107 z Tob\u0105 sens\",\"description\":\"Psychologia relacji w praktyce.\",\"publisher\":{\"@id\":\"https:\\\/\\\/www.chceuprawiacztobasens.pl\\\/#\\\/schema\\\/person\\\/8ba4826cbf4753196297e73378121345\"},\"potentialAction\":[{\"@type\":\"SearchAction\",\"target\":{\"@type\":\"EntryPoint\",\"urlTemplate\":\"https:\\\/\\\/www.chceuprawiacztobasens.pl\\\/?s={search_term_string}\"},\"query-input\":{\"@type\":\"PropertyValueSpecification\",\"valueRequired\":true,\"valueName\":\"search_term_string\"}}],\"inLanguage\":\"pl-PL\"},{\"@type\":[\"Person\",\"Organization\"],\"@id\":\"https:\\\/\\\/www.chceuprawiacztobasens.pl\\\/#\\\/schema\\\/person\\\/8ba4826cbf4753196297e73378121345\",\"name\":\"Piotrek\",\"image\":{\"@type\":\"ImageObject\",\"inLanguage\":\"pl-PL\",\"@id\":\"https:\\\/\\\/secure.gravatar.com\\\/avatar\\\/5ed4721d79240951eab4fbcb569f5e6e5ef3113a7b47f1f848e5be5be8013112?s=96&d=mm&r=g\",\"url\":\"https:\\\/\\\/secure.gravatar.com\\\/avatar\\\/5ed4721d79240951eab4fbcb569f5e6e5ef3113a7b47f1f848e5be5be8013112?s=96&d=mm&r=g\",\"contentUrl\":\"https:\\\/\\\/secure.gravatar.com\\\/avatar\\\/5ed4721d79240951eab4fbcb569f5e6e5ef3113a7b47f1f848e5be5be8013112?s=96&d=mm&r=g\",\"caption\":\"Piotrek\"},\"logo\":{\"@id\":\"https:\\\/\\\/secure.gravatar.com\\\/avatar\\\/5ed4721d79240951eab4fbcb569f5e6e5ef3113a7b47f1f848e5be5be8013112?s=96&d=mm&r=g\"},\"sameAs\":[\"http:\\\/\\\/www.chceuprawiacztobasens.pl\"]}]}<\/script>\n<!-- \/ Yoast SEO plugin. -->","yoast_head_json":{"title":"Koszyk - Chc\u0119 uprawia\u0107 z Tob\u0105 sens","robots":{"index":"index","follow":"follow","max-snippet":"max-snippet:-1","max-image-preview":"max-image-preview:large","max-video-preview":"max-video-preview:-1"},"canonical":"https:\/\/www.chceuprawiacztobasens.pl\/index.php\/koszyk\/","og_locale":"pl_PL","og_type":"article","og_title":"Koszyk - Chc\u0119 uprawia\u0107 z Tob\u0105 sens","og_url":"https:\/\/www.chceuprawiacztobasens.pl\/index.php\/koszyk\/","og_site_name":"Chc\u0119 uprawia\u0107 z Tob\u0105 sens","article_modified_time":"2026-01-10T13:53:12+00:00","twitter_card":"summary_large_image","twitter_misc":{"Szacowany czas czytania":"1 minuta"},"schema":{"@context":"https:\/\/schema.org","@graph":[{"@type":"WebPage","@id":"https:\/\/www.chceuprawiacztobasens.pl\/index.php\/koszyk\/","url":"https:\/\/www.chceuprawiacztobasens.pl\/index.php\/koszyk\/","name":"Koszyk - Chc\u0119 uprawia\u0107 z Tob\u0105 sens","isPartOf":{"@id":"https:\/\/www.chceuprawiacztobasens.pl\/#website"},"datePublished":"2025-09-10T09:48:33+00:00","dateModified":"2026-01-10T13:53:12+00:00","breadcrumb":{"@id":"https:\/\/www.chceuprawiacztobasens.pl\/index.php\/koszyk\/#breadcrumb"},"inLanguage":"pl-PL","potentialAction":[{"@type":"ReadAction","target":["https:\/\/www.chceuprawiacztobasens.pl\/index.php\/koszyk\/"]}]},{"@type":"BreadcrumbList","@id":"https:\/\/www.chceuprawiacztobasens.pl\/index.php\/koszyk\/#breadcrumb","itemListElement":[{"@type":"ListItem","position":1,"name":"Strona g\u0142\u00f3wna","item":"https:\/\/www.chceuprawiacztobasens.pl\/"},{"@type":"ListItem","position":2,"name":"Koszyk"}]},{"@type":"WebSite","@id":"https:\/\/www.chceuprawiacztobasens.pl\/#website","url":"https:\/\/www.chceuprawiacztobasens.pl\/","name":"Chc\u0119 uprawia\u0107 z Tob\u0105 sens","description":"Psychologia relacji w praktyce.","publisher":{"@id":"https:\/\/www.chceuprawiacztobasens.pl\/#\/schema\/person\/8ba4826cbf4753196297e73378121345"},"potentialAction":[{"@type":"SearchAction","target":{"@type":"EntryPoint","urlTemplate":"https:\/\/www.chceuprawiacztobasens.pl\/?s={search_term_string}"},"query-input":{"@type":"PropertyValueSpecification","valueRequired":true,"valueName":"search_term_string"}}],"inLanguage":"pl-PL"},{"@type":["Person","Organization"],"@id":"https:\/\/www.chceuprawiacztobasens.pl\/#\/schema\/person\/8ba4826cbf4753196297e73378121345","name":"Piotrek","image":{"@type":"ImageObject","inLanguage":"pl-PL","@id":"https:\/\/secure.gravatar.com\/avatar\/5ed4721d79240951eab4fbcb569f5e6e5ef3113a7b47f1f848e5be5be8013112?s=96&d=mm&r=g","url":"https:\/\/secure.gravatar.com\/avatar\/5ed4721d79240951eab4fbcb569f5e6e5ef3113a7b47f1f848e5be5be8013112?s=96&d=mm&r=g","contentUrl":"https:\/\/secure.gravatar.com\/avatar\/5ed4721d79240951eab4fbcb569f5e6e5ef3113a7b47f1f848e5be5be8013112?s=96&d=mm&r=g","caption":"Piotrek"},"logo":{"@id":"https:\/\/secure.gravatar.com\/avatar\/5ed4721d79240951eab4fbcb569f5e6e5ef3113a7b47f1f848e5be5be8013112?s=96&d=mm&r=g"},"sameAs":["http:\/\/www.chceuprawiacztobasens.pl"]}]}},"jetpack_sharing_enabled":true,"_links":{"self":[{"href":"https:\/\/www.chceuprawiacztobasens.pl\/index.php\/wp-json\/wp\/v2\/pages\/10","targetHints":{"allow":["GET"]}}],"collection":[{"href":"https:\/\/www.chceuprawiacztobasens.pl\/index.php\/wp-json\/wp\/v2\/pages"}],"about":[{"href":"https:\/\/www.chceuprawiacztobasens.pl\/index.php\/wp-json\/wp\/v2\/types\/page"}],"author":[{"embeddable":true,"href":"https:\/\/www.chceuprawiacztobasens.pl\/index.php\/wp-json\/wp\/v2\/users\/1"}],"replies":[{"embeddable":true,"href":"https:\/\/www.chceuprawiacztobasens.pl\/index.php\/wp-json\/wp\/v2\/comments?post=10"}],"version-history":[{"count":3,"href":"https:\/\/www.chceuprawiacztobasens.pl\/index.php\/wp-json\/wp\/v2\/pages\/10\/revisions"}],"predecessor-version":[{"id":1153,"href":"https:\/\/www.chceuprawiacztobasens.pl\/index.php\/wp-json\/wp\/v2\/pages\/10\/revisions\/1153"}],"wp:attachment":[{"href":"https:\/\/www.chceuprawiacztobasens.pl\/index.php\/wp-json\/wp\/v2\/media?parent=10"}],"curies":[{"name":"wp","href":"https:\/\/api.w.org\/{rel}","templated":true}]}}